{"id":16217,"date":"2022-03-24T05:22:23","date_gmt":"2022-03-24T04:22:23","guid":{"rendered":"https:\/\/binational.ch\/?page_id=16217"},"modified":"2022-07-05T11:37:09","modified_gmt":"2022-07-05T11:37:09","slug":"impressum","status":"publish","type":"page","link":"https:\/\/binational.ch\/es\/impressum\/","title":{"rendered":"Impressum"},"content":{"rendered":"\t\t<div data-elementor-type=\"wp-page\" data-elementor-id=\"16217\" class=\"elementor elementor-16217 elementor-15894\">\n\t\t\t\t\t\t<section class=\"elementor-section elementor-top-section elementor-element elementor-element-1e795fd elementor-section-boxed elementor-section-height-default elementor-section-height-default\" data-id=\"1e795fd\" data-element_type=\"section\" data-e-type=\"section\" data-settings=\"{&quot;pix_scale_in&quot;:&quot;none&quot;}\">\n\t\t\t\t\t\t<div class=\"elementor-container elementor-column-gap-default\">\n\t\t\t\t\t<div class=\"elementor-column elementor-col-100 elementor-top-column elementor-element elementor-element-dedf694\" data-id=\"dedf694\" data-element_type=\"column\" data-e-type=\"column\" data-settings=\"{&quot;pix_scale_in&quot;:&quot;none&quot;}\">\n\t\t\t<div class=\"elementor-widget-wrap elementor-element-populated\">\n\t\t\t\t\t\t<div class=\"elementor-element elementor-element-356a490 box_inner_css elementor-widget elementor-widget-text-editor\" data-id=\"356a490\" data-element_type=\"widget\" data-e-type=\"widget\" data-widget_type=\"text-editor.default\">\n\t\t\t\t<div class=\"elementor-widget-container\">\n\t\t\t\t\t\t\t\t\t<p><strong>Direcci\u00f3n de contacto<\/strong><\/p><p>Verbund Binational<br \/>c\/o Beratungsstelle f\u00fcr binationale Paare und Familien<br \/>Steingraben 71<br \/>4051 Basel<br \/>Schweiz<\/p><p>E-Mail:<br \/>info@binational.ch<\/p><p>\u00a0<\/p><p><strong>Design, Desarrollo &amp; SEO<\/strong><\/p><p><strong><a href=\"http:\/\/www.dartera.ch\/\" target=\"_blank\" rel=\"noopener\">Dartera GmbH<\/a>\u00a0<\/strong>, Ihre\u00a0<strong><a href=\"https:\/\/dartera.ch\/seo-agentur-bern\/\" target=\"_blank\" rel=\"noopener\">SEO Agentur<\/a><\/strong><br \/>Bernstrasse 18<br \/>2555 Br\u00fcgg<\/p><p>E-Mail:<br \/>info@dartera.ch<\/p><p><strong>Descargo de responsabilidad<\/strong><\/p><p>El autor no asume ninguna responsabilidad por la correcci\u00f3n, exactitud, actualidad, fiabilidad e integridad de la informaci\u00f3n.<\/p><p>Por lo tanto, se rechazar\u00e1n las reclamaciones de responsabilidad relativas a los da\u00f1os causados por el uso de cualquier informaci\u00f3n proporcionada, incluyendo cualquier tipo de informaci\u00f3n que sea incompleta o incorrecta.<\/p><p>Todas las ofertas son sin compromiso. El autor se reserva expresamente el derecho a modificar, complementar o eliminar partes de las p\u00e1ginas o toda la oferta sin previo aviso o a interrumpir la publicaci\u00f3n temporal o definitivamente.<\/p><p><strong>Descargo de responsabilidad para los enlaces<\/strong><\/p><p>Las referencias y enlaces a sitios web de terceros est\u00e1n fuera de nuestro \u00e1mbito de responsabilidad. No aceptamos ninguna responsabilidad por dichos sitios web. El acceso y la utilizaci\u00f3n de estos sitios web se realizan por cuenta y riesgo del usuario.<\/p><p><strong>Copyright<\/strong><\/p><p>Los derechos de autor y todos los dem\u00e1s derechos sobre el contenido, las im\u00e1genes, las fotos u otros archivos de este sitio web pertenecen exclusivamente a la entidad jur\u00eddica frabina o a los titulares de los derechos espec\u00edficamente mencionados. Para la reproducci\u00f3n de cualquier elemento debe obtenerse previamente el consentimiento por escrito del titular de los derechos de autor.<\/p><p>Fuente:\u00a0 <a href=\"https:\/\/www.swissanwalt.ch\" target=\"_blank\" rel=\"noopener\">SwissAnwalt<\/a><\/p>\t\t\t\t\t\t\t\t<\/div>\n\t\t\t\t<\/div>\n\t\t\t\t\t<\/div>\n\t\t<\/div>\n\t\t\t\t\t<\/div>\n\t\t<\/section>\n\t\t\t\t<\/div>\n\t\t","protected":false},"excerpt":{"rendered":"<p>Direcci\u00f3n de contacto Verbund Binationalc\/o Beratungsstelle f\u00fcr binationale Paare und FamilienSteingraben 714051 BaselSchweiz E-Mail:info@binational.ch \u00a0 Design, Desarrollo &amp; SEO Dartera GmbH\u00a0, Ihre\u00a0SEO AgenturBernstrasse 182555 Br\u00fcgg E-Mail:info@dartera.ch Descargo de responsabilidad El autor no asume ninguna responsabilidad por la correcci\u00f3n, exactitud, actualidad,&#8230;<\/p>\n","protected":false},"author":4,"featured_media":0,"parent":0,"menu_order":0,"comment_status":"closed","ping_status":"closed","template":"elementor_header_footer","meta":{"footnotes":""},"class_list":["post-16217","page","type-page","status-publish","hentry"],"yoast_head":"<!-- This site is optimized with the Yoast SEO plugin v27.3 - https:\/\/yoast.com\/product\/yoast-seo-wordpress\/ -->\n<title>Impressum - Beratung f\u00fcr Binationale Paare und Familien, Rechtsberatung<\/title>\n<meta name=\"description\" content=\"Homepage des Verbundes der Beratungsstellen f\u00fcr binationale und interkulturelle Paare und Familien Schweiz.\" \/>\n<meta name=\"robots\" content=\"index, follow, max-snippet:-1, max-image-preview:large, max-video-preview:-1\" \/>\n<link rel=\"canonical\" href=\"https:\/\/binational.ch\/es\/impressum\/\" \/>\n<meta property=\"og:locale\" content=\"es_ES\" \/>\n<meta property=\"og:type\" content=\"article\" \/>\n<meta property=\"og:title\" content=\"Impressum - Beratung f\u00fcr Binationale Paare und Familien, Rechtsberatung\" \/>\n<meta property=\"og:description\" content=\"Homepage des Verbundes der Beratungsstellen f\u00fcr binationale und interkulturelle Paare und Familien Schweiz.\" \/>\n<meta property=\"og:url\" content=\"https:\/\/binational.ch\/es\/impressum\/\" \/>\n<meta property=\"og:site_name\" content=\"Beratung f\u00fcr Binationale Paare und Familien, Rechtsberatung\" \/>\n<meta property=\"article:publisher\" content=\"https:\/\/www.facebook.com\/www.binational.ch\" \/>\n<meta property=\"article:modified_time\" content=\"2022-07-05T11:37:09+00:00\" \/>\n<meta name=\"twitter:card\" content=\"summary_large_image\" \/>\n<meta name=\"twitter:label1\" content=\"Tiempo de lectura\" \/>\n\t<meta name=\"twitter:data1\" content=\"2 minutos\" \/>\n<script type=\"application\/ld+json\" class=\"yoast-schema-graph\">{\"@context\":\"https:\\\/\\\/schema.org\",\"@graph\":[{\"@type\":\"WebPage\",\"@id\":\"https:\\\/\\\/binational.ch\\\/es\\\/impressum\\\/\",\"url\":\"https:\\\/\\\/binational.ch\\\/es\\\/impressum\\\/\",\"name\":\"Impressum - Beratung f\u00fcr Binationale Paare und Familien, Rechtsberatung\",\"isPartOf\":{\"@id\":\"https:\\\/\\\/www.binational.ch\\\/en\\\/#website\"},\"datePublished\":\"2022-03-24T04:22:23+00:00\",\"dateModified\":\"2022-07-05T11:37:09+00:00\",\"description\":\"Homepage des Verbundes der Beratungsstellen f\u00fcr binationale und interkulturelle Paare und Familien Schweiz.\",\"breadcrumb\":{\"@id\":\"https:\\\/\\\/binational.ch\\\/es\\\/impressum\\\/#breadcrumb\"},\"inLanguage\":\"es\",\"potentialAction\":[{\"@type\":\"ReadAction\",\"target\":[\"https:\\\/\\\/binational.ch\\\/es\\\/impressum\\\/\"]}]},{\"@type\":\"BreadcrumbList\",\"@id\":\"https:\\\/\\\/binational.ch\\\/es\\\/impressum\\\/#breadcrumb\",\"itemListElement\":[{\"@type\":\"ListItem\",\"position\":1,\"name\":\"Home\",\"item\":\"https:\\\/\\\/www.binational.ch\\\/es\\\/\"},{\"@type\":\"ListItem\",\"position\":2,\"name\":\"Impressum\"}]},{\"@type\":\"WebSite\",\"@id\":\"https:\\\/\\\/www.binational.ch\\\/en\\\/#website\",\"url\":\"https:\\\/\\\/www.binational.ch\\\/en\\\/\",\"name\":\"Beratung f\u00fcr Binationale Paare und Familien, Rechtsberatung\",\"description\":\"Homepage des Verbundes der Beratungsstellen f\u00fcr binationale und interkulturelle Paare und Familien Schweiz.\",\"publisher\":{\"@id\":\"https:\\\/\\\/www.binational.ch\\\/en\\\/#organization\"},\"potentialAction\":[{\"@type\":\"SearchAction\",\"target\":{\"@type\":\"EntryPoint\",\"urlTemplate\":\"https:\\\/\\\/www.binational.ch\\\/en\\\/?s={search_term_string}\"},\"query-input\":{\"@type\":\"PropertyValueSpecification\",\"valueRequired\":true,\"valueName\":\"search_term_string\"}}],\"inLanguage\":\"es\"},{\"@type\":\"Organization\",\"@id\":\"https:\\\/\\\/www.binational.ch\\\/en\\\/#organization\",\"name\":\"Beratung f\u00fcr Binationale Paare und Familien, Rechtsberatung - Mediation - Coaching\",\"url\":\"https:\\\/\\\/www.binational.ch\\\/en\\\/\",\"logo\":{\"@type\":\"ImageObject\",\"inLanguage\":\"es\",\"@id\":\"https:\\\/\\\/www.binational.ch\\\/en\\\/#\\\/schema\\\/logo\\\/image\\\/\",\"url\":\"https:\\\/\\\/www.binational.ch\\\/wp-content\\\/uploads\\\/2020\\\/06\\\/logo.png\",\"contentUrl\":\"https:\\\/\\\/www.binational.ch\\\/wp-content\\\/uploads\\\/2020\\\/06\\\/logo.png\",\"width\":300,\"height\":94,\"caption\":\"Beratung f\u00fcr Binationale Paare und Familien, Rechtsberatung - Mediation - Coaching\"},\"image\":{\"@id\":\"https:\\\/\\\/www.binational.ch\\\/en\\\/#\\\/schema\\\/logo\\\/image\\\/\"},\"sameAs\":[\"https:\\\/\\\/www.facebook.com\\\/www.binational.ch\",\"https:\\\/\\\/www.linkedin.com\\\/company\\\/verbund-binational-ch\\\/\"]}]}<\/script>\n<!-- \/ Yoast SEO plugin. -->","yoast_head_json":{"title":"Impressum - Beratung f\u00fcr Binationale Paare und Familien, Rechtsberatung","description":"Homepage des Verbundes der Beratungsstellen f\u00fcr binationale und interkulturelle Paare und Familien Schweiz.","robots":{"index":"index","follow":"follow","max-snippet":"max-snippet:-1","max-image-preview":"max-image-preview:large","max-video-preview":"max-video-preview:-1"},"canonical":"https:\/\/binational.ch\/es\/impressum\/","og_locale":"es_ES","og_type":"article","og_title":"Impressum - Beratung f\u00fcr Binationale Paare und Familien, Rechtsberatung","og_description":"Homepage des Verbundes der Beratungsstellen f\u00fcr binationale und interkulturelle Paare und Familien Schweiz.","og_url":"https:\/\/binational.ch\/es\/impressum\/","og_site_name":"Beratung f\u00fcr Binationale Paare und Familien, Rechtsberatung","article_publisher":"https:\/\/www.facebook.com\/www.binational.ch","article_modified_time":"2022-07-05T11:37:09+00:00","twitter_card":"summary_large_image","twitter_misc":{"Tiempo de lectura":"2 minutos"},"schema":{"@context":"https:\/\/schema.org","@graph":[{"@type":"WebPage","@id":"https:\/\/binational.ch\/es\/impressum\/","url":"https:\/\/binational.ch\/es\/impressum\/","name":"Impressum - Beratung f\u00fcr Binationale Paare und Familien, Rechtsberatung","isPartOf":{"@id":"https:\/\/www.binational.ch\/en\/#website"},"datePublished":"2022-03-24T04:22:23+00:00","dateModified":"2022-07-05T11:37:09+00:00","description":"Homepage des Verbundes der Beratungsstellen f\u00fcr binationale und interkulturelle Paare und Familien Schweiz.","breadcrumb":{"@id":"https:\/\/binational.ch\/es\/impressum\/#breadcrumb"},"inLanguage":"es","potentialAction":[{"@type":"ReadAction","target":["https:\/\/binational.ch\/es\/impressum\/"]}]},{"@type":"BreadcrumbList","@id":"https:\/\/binational.ch\/es\/impressum\/#breadcrumb","itemListElement":[{"@type":"ListItem","position":1,"name":"Home","item":"https:\/\/www.binational.ch\/es\/"},{"@type":"ListItem","position":2,"name":"Impressum"}]},{"@type":"WebSite","@id":"https:\/\/www.binational.ch\/en\/#website","url":"https:\/\/www.binational.ch\/en\/","name":"Beratung f\u00fcr Binationale Paare und Familien, Rechtsberatung","description":"Homepage des Verbundes der Beratungsstellen f\u00fcr binationale und interkulturelle Paare und Familien Schweiz.","publisher":{"@id":"https:\/\/www.binational.ch\/en\/#organization"},"potentialAction":[{"@type":"SearchAction","target":{"@type":"EntryPoint","urlTemplate":"https:\/\/www.binational.ch\/en\/?s={search_term_string}"},"query-input":{"@type":"PropertyValueSpecification","valueRequired":true,"valueName":"search_term_string"}}],"inLanguage":"es"},{"@type":"Organization","@id":"https:\/\/www.binational.ch\/en\/#organization","name":"Beratung f\u00fcr Binationale Paare und Familien, Rechtsberatung - Mediation - Coaching","url":"https:\/\/www.binational.ch\/en\/","logo":{"@type":"ImageObject","inLanguage":"es","@id":"https:\/\/www.binational.ch\/en\/#\/schema\/logo\/image\/","url":"https:\/\/www.binational.ch\/wp-content\/uploads\/2020\/06\/logo.png","contentUrl":"https:\/\/www.binational.ch\/wp-content\/uploads\/2020\/06\/logo.png","width":300,"height":94,"caption":"Beratung f\u00fcr Binationale Paare und Familien, Rechtsberatung - Mediation - Coaching"},"image":{"@id":"https:\/\/www.binational.ch\/en\/#\/schema\/logo\/image\/"},"sameAs":["https:\/\/www.facebook.com\/www.binational.ch","https:\/\/www.linkedin.com\/company\/verbund-binational-ch\/"]}]}},"_links":{"self":[{"href":"https:\/\/binational.ch\/es\/wp-json\/wp\/v2\/pages\/16217","targetHints":{"allow":["GET"]}}],"collection":[{"href":"https:\/\/binational.ch\/es\/wp-json\/wp\/v2\/pages"}],"about":[{"href":"https:\/\/binational.ch\/es\/wp-json\/wp\/v2\/types\/page"}],"author":[{"embeddable":true,"href":"https:\/\/binational.ch\/es\/wp-json\/wp\/v2\/users\/4"}],"replies":[{"embeddable":true,"href":"https:\/\/binational.ch\/es\/wp-json\/wp\/v2\/comments?post=16217"}],"version-history":[{"count":9,"href":"https:\/\/binational.ch\/es\/wp-json\/wp\/v2\/pages\/16217\/revisions"}],"predecessor-version":[{"id":19105,"href":"https:\/\/binational.ch\/es\/wp-json\/wp\/v2\/pages\/16217\/revisions\/19105"}],"wp:attachment":[{"href":"https:\/\/binational.ch\/es\/wp-json\/wp\/v2\/media?parent=16217"}],"curies":[{"name":"wp","href":"https:\/\/api.w.org\/{rel}","templated":true}]}}