{"id":16213,"date":"2022-03-24T05:22:23","date_gmt":"2022-03-24T04:22:23","guid":{"rendered":"https:\/\/binational.ch\/?page_id=16213"},"modified":"2022-07-05T11:35:22","modified_gmt":"2022-07-05T11:35:22","slug":"impressum","status":"publish","type":"page","link":"https:\/\/binational.ch\/fr\/impressum\/","title":{"rendered":"Impressum"},"content":{"rendered":"\t\t<div data-elementor-type=\"wp-page\" data-elementor-id=\"16213\" class=\"elementor elementor-16213 elementor-15894\">\n\t\t\t\t\t\t<section class=\"elementor-section elementor-top-section elementor-element elementor-element-1e795fd elementor-section-boxed elementor-section-height-default elementor-section-height-default\" data-id=\"1e795fd\" data-element_type=\"section\" data-e-type=\"section\" data-settings=\"{&quot;pix_scale_in&quot;:&quot;none&quot;}\">\n\t\t\t\t\t\t<div class=\"elementor-container elementor-column-gap-default\">\n\t\t\t\t\t<div class=\"elementor-column elementor-col-100 elementor-top-column elementor-element elementor-element-dedf694\" data-id=\"dedf694\" data-element_type=\"column\" data-e-type=\"column\" data-settings=\"{&quot;pix_scale_in&quot;:&quot;none&quot;}\">\n\t\t\t<div class=\"elementor-widget-wrap elementor-element-populated\">\n\t\t\t\t\t\t<div class=\"elementor-element elementor-element-356a490 box_inner_css elementor-widget elementor-widget-text-editor\" data-id=\"356a490\" data-element_type=\"widget\" data-e-type=\"widget\" data-widget_type=\"text-editor.default\">\n\t\t\t\t<div class=\"elementor-widget-container\">\n\t\t\t\t\t\t\t\t\t<p><strong>Adresse de contact<\/strong><\/p><p>Verbund Binational<br \/>c\/o Beratungsstelle f\u00fcr binationale Paare und Familien<br \/>Steingraben 71<br \/>4051 Basel<br \/><span style=\"color: inherit; font-family: var( --e-global-typography-text-font-family ), Sans-serif; font-weight: var( --e-global-typography-text-font-weight ); font-size: 1.25rem; letter-spacing: -0.01rem;\">Schweiz<\/span><\/p><p>E-Mail:<br \/>info@binational.ch<\/p><p><strong>Design, D\u00e9veloppement &amp; SEO<\/strong><\/p><p><strong><a href=\"http:\/\/www.dartera.ch\/\" target=\"_blank\" rel=\"noopener\">Dartera GmbH<\/a> <\/strong>, Ihre <strong><a href=\"https:\/\/dartera.ch\/seo-agentur-bern\/\" target=\"_blank\" rel=\"noopener\">SEO Agentur<\/a> <\/strong><br \/>Bernstrasse 18<br \/>2555 Br\u00fcgg<\/p><p>E-Mail:<br \/>info@dartera.ch<\/p><p><strong>Avis de non-responsabilit\u00e9<\/strong><\/p><p>L&rsquo;auteur n&rsquo;assume aucune responsabilit\u00e9 quant \u00e0 l&rsquo;exactitude, la pr\u00e9cision, l&rsquo;actualit\u00e9, la fiabilit\u00e9 et l&rsquo;exhaustivit\u00e9 des informations.<\/p><p>Les r\u00e9clamations en responsabilit\u00e9 concernant des dommages caus\u00e9s par l&rsquo;utilisation de toute information fournie, y compris tout type d&rsquo;information incompl\u00e8te ou incorrecte, seront donc rejet\u00e9es.<\/p><p>Toutes les offres sont sans engagement. L&rsquo;auteur se r\u00e9serve express\u00e9ment le droit de modifier, de compl\u00e9ter ou de supprimer certaines parties des pages ou l&rsquo;ensemble de l&rsquo;offre sans pr\u00e9avis particulier ou d&rsquo;en interrompre temporairement ou d\u00e9finitivement la publication.<\/p><p><strong>Avis de non-responsabilit\u00e9 pour les liens<\/strong><\/p><p>Les r\u00e9f\u00e9rences et les liens vers des sites web de tiers ne rel\u00e8vent pas de notre domaine de responsabilit\u00e9. Nous n&rsquo;acceptons aucune responsabilit\u00e9 pour ces sites web. L&rsquo;acc\u00e8s \u00e0 ces sites et leur utilisation se font aux risques et p\u00e9rils de l&rsquo;utilisateur.<\/p><p><strong>Copyright<\/strong><\/p><p>Le droit d&rsquo;auteur et tous les autres droits sur le contenu, les images, les photos ou autres fichiers de ce site web appartiennent exclusivement \u00e0 l&rsquo;entit\u00e9 juridique frabina ou aux d\u00e9tenteurs de droits sp\u00e9cifiquement nomm\u00e9s. Le consentement \u00e9crit du d\u00e9tenteur du droit d&rsquo;auteur doit \u00eatre obtenu au pr\u00e9alable pour la reproduction de tout \u00e9l\u00e9ment.<\/p><p>Source :\u00a0<a href=\"https:\/\/www.swissanwalt.ch\" target=\"_blank\" rel=\"noopener\">SwissAnwalt<\/a><\/p>\t\t\t\t\t\t\t\t<\/div>\n\t\t\t\t<\/div>\n\t\t\t\t\t<\/div>\n\t\t<\/div>\n\t\t\t\t\t<\/div>\n\t\t<\/section>\n\t\t\t\t<\/div>\n\t\t","protected":false},"excerpt":{"rendered":"<p>Adresse de contact Verbund Binationalc\/o Beratungsstelle f\u00fcr binationale Paare und FamilienSteingraben 714051 BaselSchweiz E-Mail:info@binational.ch Design, D\u00e9veloppement &amp; SEO Dartera GmbH , Ihre SEO Agentur Bernstrasse 182555 Br\u00fcgg E-Mail:info@dartera.ch Avis de non-responsabilit\u00e9 L&rsquo;auteur n&rsquo;assume aucune responsabilit\u00e9 quant \u00e0 l&rsquo;exactitude, la pr\u00e9cision,&#8230;<\/p>\n","protected":false},"author":4,"featured_media":0,"parent":0,"menu_order":0,"comment_status":"closed","ping_status":"closed","template":"elementor_header_footer","meta":{"footnotes":""},"class_list":["post-16213","page","type-page","status-publish","hentry"],"yoast_head":"<!-- This site is optimized with the Yoast SEO plugin v27.4 - https:\/\/yoast.com\/product\/yoast-seo-wordpress\/ -->\n<title>Impressum - Beratung f\u00fcr Binationale Paare und Familien, Rechtsberatung<\/title>\n<meta name=\"description\" content=\"Homepage des Verbundes der Beratungsstellen f\u00fcr binationale und interkulturelle Paare und Familien Schweiz.\" \/>\n<meta name=\"robots\" content=\"index, follow, max-snippet:-1, max-image-preview:large, max-video-preview:-1\" \/>\n<link rel=\"canonical\" href=\"https:\/\/www.binational.ch\/fr\/impressum\/\" \/>\n<meta property=\"og:locale\" content=\"fr_FR\" \/>\n<meta property=\"og:type\" content=\"article\" \/>\n<meta property=\"og:title\" content=\"Impressum - Beratung f\u00fcr Binationale Paare und Familien, Rechtsberatung\" \/>\n<meta property=\"og:description\" content=\"Homepage des Verbundes der Beratungsstellen f\u00fcr binationale und interkulturelle Paare und Familien Schweiz.\" \/>\n<meta property=\"og:url\" content=\"https:\/\/www.binational.ch\/fr\/impressum\/\" \/>\n<meta property=\"og:site_name\" content=\"Beratung f\u00fcr Binationale Paare und Familien, Rechtsberatung\" \/>\n<meta property=\"article:publisher\" content=\"https:\/\/www.facebook.com\/www.binational.ch\" \/>\n<meta property=\"article:modified_time\" content=\"2022-07-05T11:35:22+00:00\" \/>\n<meta name=\"twitter:card\" content=\"summary_large_image\" \/>\n<meta name=\"twitter:label1\" content=\"Dur\u00e9e de lecture estim\u00e9e\" \/>\n\t<meta name=\"twitter:data1\" content=\"2 minutes\" \/>\n<script type=\"application\/ld+json\" class=\"yoast-schema-graph\">{\"@context\":\"https:\\\/\\\/schema.org\",\"@graph\":[{\"@type\":\"WebPage\",\"@id\":\"https:\\\/\\\/www.binational.ch\\\/fr\\\/impressum\\\/\",\"url\":\"https:\\\/\\\/www.binational.ch\\\/fr\\\/impressum\\\/\",\"name\":\"Impressum - Beratung f\u00fcr Binationale Paare und Familien, Rechtsberatung\",\"isPartOf\":{\"@id\":\"https:\\\/\\\/www.binationalch.kinsta.cloud\\\/fr\\\/#website\"},\"datePublished\":\"2022-03-24T04:22:23+00:00\",\"dateModified\":\"2022-07-05T11:35:22+00:00\",\"description\":\"Homepage des Verbundes der Beratungsstellen f\u00fcr binationale und interkulturelle Paare und Familien Schweiz.\",\"breadcrumb\":{\"@id\":\"https:\\\/\\\/www.binational.ch\\\/fr\\\/impressum\\\/#breadcrumb\"},\"inLanguage\":\"fr-FR\",\"potentialAction\":[{\"@type\":\"ReadAction\",\"target\":[\"https:\\\/\\\/www.binational.ch\\\/fr\\\/impressum\\\/\"]}]},{\"@type\":\"BreadcrumbList\",\"@id\":\"https:\\\/\\\/www.binational.ch\\\/fr\\\/impressum\\\/#breadcrumb\",\"itemListElement\":[{\"@type\":\"ListItem\",\"position\":1,\"name\":\"Home\",\"item\":\"https:\\\/\\\/www.binationalch.kinsta.cloud\\\/fr\\\/\"},{\"@type\":\"ListItem\",\"position\":2,\"name\":\"Impressum\"}]},{\"@type\":\"WebSite\",\"@id\":\"https:\\\/\\\/www.binationalch.kinsta.cloud\\\/fr\\\/#website\",\"url\":\"https:\\\/\\\/www.binationalch.kinsta.cloud\\\/fr\\\/\",\"name\":\"Beratung f\u00fcr Binationale Paare und Familien, Rechtsberatung\",\"description\":\"Homepage des Verbundes der Beratungsstellen f\u00fcr binationale und interkulturelle Paare und Familien Schweiz.\",\"publisher\":{\"@id\":\"https:\\\/\\\/www.binationalch.kinsta.cloud\\\/fr\\\/#organization\"},\"potentialAction\":[{\"@type\":\"SearchAction\",\"target\":{\"@type\":\"EntryPoint\",\"urlTemplate\":\"https:\\\/\\\/www.binationalch.kinsta.cloud\\\/fr\\\/?s={search_term_string}\"},\"query-input\":{\"@type\":\"PropertyValueSpecification\",\"valueRequired\":true,\"valueName\":\"search_term_string\"}}],\"inLanguage\":\"fr-FR\"},{\"@type\":\"Organization\",\"@id\":\"https:\\\/\\\/www.binationalch.kinsta.cloud\\\/fr\\\/#organization\",\"name\":\"Beratung f\u00fcr Binationale Paare und Familien, Rechtsberatung - Mediation - Coaching\",\"url\":\"https:\\\/\\\/www.binationalch.kinsta.cloud\\\/fr\\\/\",\"logo\":{\"@type\":\"ImageObject\",\"inLanguage\":\"fr-FR\",\"@id\":\"https:\\\/\\\/www.binationalch.kinsta.cloud\\\/fr\\\/#\\\/schema\\\/logo\\\/image\\\/\",\"url\":\"https:\\\/\\\/www.binational.ch\\\/wp-content\\\/uploads\\\/2020\\\/06\\\/logo.png\",\"contentUrl\":\"https:\\\/\\\/www.binational.ch\\\/wp-content\\\/uploads\\\/2020\\\/06\\\/logo.png\",\"width\":300,\"height\":94,\"caption\":\"Beratung f\u00fcr Binationale Paare und Familien, Rechtsberatung - Mediation - Coaching\"},\"image\":{\"@id\":\"https:\\\/\\\/www.binationalch.kinsta.cloud\\\/fr\\\/#\\\/schema\\\/logo\\\/image\\\/\"},\"sameAs\":[\"https:\\\/\\\/www.facebook.com\\\/www.binational.ch\",\"https:\\\/\\\/www.linkedin.com\\\/company\\\/verbund-binational-ch\\\/\"]}]}<\/script>\n<!-- \/ Yoast SEO plugin. -->","yoast_head_json":{"title":"Impressum - Beratung f\u00fcr Binationale Paare und Familien, Rechtsberatung","description":"Homepage des Verbundes der Beratungsstellen f\u00fcr binationale und interkulturelle Paare und Familien Schweiz.","robots":{"index":"index","follow":"follow","max-snippet":"max-snippet:-1","max-image-preview":"max-image-preview:large","max-video-preview":"max-video-preview:-1"},"canonical":"https:\/\/www.binational.ch\/fr\/impressum\/","og_locale":"fr_FR","og_type":"article","og_title":"Impressum - Beratung f\u00fcr Binationale Paare und Familien, Rechtsberatung","og_description":"Homepage des Verbundes der Beratungsstellen f\u00fcr binationale und interkulturelle Paare und Familien Schweiz.","og_url":"https:\/\/www.binational.ch\/fr\/impressum\/","og_site_name":"Beratung f\u00fcr Binationale Paare und Familien, Rechtsberatung","article_publisher":"https:\/\/www.facebook.com\/www.binational.ch","article_modified_time":"2022-07-05T11:35:22+00:00","twitter_card":"summary_large_image","twitter_misc":{"Dur\u00e9e de lecture estim\u00e9e":"2 minutes"},"schema":{"@context":"https:\/\/schema.org","@graph":[{"@type":"WebPage","@id":"https:\/\/www.binational.ch\/fr\/impressum\/","url":"https:\/\/www.binational.ch\/fr\/impressum\/","name":"Impressum - Beratung f\u00fcr Binationale Paare und Familien, Rechtsberatung","isPartOf":{"@id":"https:\/\/www.binationalch.kinsta.cloud\/fr\/#website"},"datePublished":"2022-03-24T04:22:23+00:00","dateModified":"2022-07-05T11:35:22+00:00","description":"Homepage des Verbundes der Beratungsstellen f\u00fcr binationale und interkulturelle Paare und Familien Schweiz.","breadcrumb":{"@id":"https:\/\/www.binational.ch\/fr\/impressum\/#breadcrumb"},"inLanguage":"fr-FR","potentialAction":[{"@type":"ReadAction","target":["https:\/\/www.binational.ch\/fr\/impressum\/"]}]},{"@type":"BreadcrumbList","@id":"https:\/\/www.binational.ch\/fr\/impressum\/#breadcrumb","itemListElement":[{"@type":"ListItem","position":1,"name":"Home","item":"https:\/\/www.binationalch.kinsta.cloud\/fr\/"},{"@type":"ListItem","position":2,"name":"Impressum"}]},{"@type":"WebSite","@id":"https:\/\/www.binationalch.kinsta.cloud\/fr\/#website","url":"https:\/\/www.binationalch.kinsta.cloud\/fr\/","name":"Beratung f\u00fcr Binationale Paare und Familien, Rechtsberatung","description":"Homepage des Verbundes der Beratungsstellen f\u00fcr binationale und interkulturelle Paare und Familien Schweiz.","publisher":{"@id":"https:\/\/www.binationalch.kinsta.cloud\/fr\/#organization"},"potentialAction":[{"@type":"SearchAction","target":{"@type":"EntryPoint","urlTemplate":"https:\/\/www.binationalch.kinsta.cloud\/fr\/?s={search_term_string}"},"query-input":{"@type":"PropertyValueSpecification","valueRequired":true,"valueName":"search_term_string"}}],"inLanguage":"fr-FR"},{"@type":"Organization","@id":"https:\/\/www.binationalch.kinsta.cloud\/fr\/#organization","name":"Beratung f\u00fcr Binationale Paare und Familien, Rechtsberatung - Mediation - Coaching","url":"https:\/\/www.binationalch.kinsta.cloud\/fr\/","logo":{"@type":"ImageObject","inLanguage":"fr-FR","@id":"https:\/\/www.binationalch.kinsta.cloud\/fr\/#\/schema\/logo\/image\/","url":"https:\/\/www.binational.ch\/wp-content\/uploads\/2020\/06\/logo.png","contentUrl":"https:\/\/www.binational.ch\/wp-content\/uploads\/2020\/06\/logo.png","width":300,"height":94,"caption":"Beratung f\u00fcr Binationale Paare und Familien, Rechtsberatung - Mediation - Coaching"},"image":{"@id":"https:\/\/www.binationalch.kinsta.cloud\/fr\/#\/schema\/logo\/image\/"},"sameAs":["https:\/\/www.facebook.com\/www.binational.ch","https:\/\/www.linkedin.com\/company\/verbund-binational-ch\/"]}]}},"_links":{"self":[{"href":"https:\/\/binational.ch\/fr\/wp-json\/wp\/v2\/pages\/16213","targetHints":{"allow":["GET"]}}],"collection":[{"href":"https:\/\/binational.ch\/fr\/wp-json\/wp\/v2\/pages"}],"about":[{"href":"https:\/\/binational.ch\/fr\/wp-json\/wp\/v2\/types\/page"}],"author":[{"embeddable":true,"href":"https:\/\/binational.ch\/fr\/wp-json\/wp\/v2\/users\/4"}],"replies":[{"embeddable":true,"href":"https:\/\/binational.ch\/fr\/wp-json\/wp\/v2\/comments?post=16213"}],"version-history":[{"count":11,"href":"https:\/\/binational.ch\/fr\/wp-json\/wp\/v2\/pages\/16213\/revisions"}],"predecessor-version":[{"id":19102,"href":"https:\/\/binational.ch\/fr\/wp-json\/wp\/v2\/pages\/16213\/revisions\/19102"}],"wp:attachment":[{"href":"https:\/\/binational.ch\/fr\/wp-json\/wp\/v2\/media?parent=16213"}],"curies":[{"name":"wp","href":"https:\/\/api.w.org\/{rel}","templated":true}]}}